{"id":11,"date":"2023-03-15T09:15:26","date_gmt":"2023-03-15T09:15:26","guid":{"rendered":"https:\/\/hunting-safari.eu\/?page_id=11"},"modified":"2026-03-18T13:52:49","modified_gmt":"2026-03-18T13:52:49","slug":"lov","status":"publish","type":"page","link":"https:\/\/hunting-safari.eu\/en\/lov\/","title":{"rendered":"Lov"},"content":{"rendered":"<div data-elementor-type=\"wp-page\" data-elementor-id=\"11\" class=\"elementor elementor-11\" data-elementor-post-type=\"page\">\n\t\t\t\t\t\t<section class=\"elementor-section elementor-top-section elementor-element elementor-element-39dd96b9 elementor-section-height-min-height elementor-section-stretched elementor-section-boxed elementor-section-height-default elementor-section-items-middle\" data-id=\"39dd96b9\" data-element_type=\"section\" data-e-type=\"section\" data-settings=\"{&quot;stretch_section&quot;:&quot;section-stretched&quot;,&quot;background_background&quot;:&quot;classic&quot;}\">\n\t\t\t\t\t\t\t<div class=\"elementor-background-overlay\"><\/div>\n\t\t\t\t\t\t\t<div class=\"elementor-container elementor-column-gap-default\">\n\t\t\t\t\t<div class=\"elementor-column elementor-col-100 elementor-top-column elementor-element elementor-element-5dc7ec39\" data-id=\"5dc7ec39\" data-element_type=\"column\" data-e-type=\"column\">\n\t\t\t<div class=\"elementor-widget-wrap elementor-element-populated\">\n\t\t\t\t\t\t<div class=\"elementor-element elementor-element-7b8046b2 elementor-widget elementor-widget-heading\" data-id=\"7b8046b2\" data-element_type=\"widget\" data-e-type=\"widget\" data-widget_type=\"heading.default\">\n\t\t\t\t<div class=\"elementor-widget-container\">\n\t\t\t\t\t<h1 class=\"elementor-heading-title elementor-size-default\">LOV s Hunting-Safari.eu<\/h1>\t\t\t\t<\/div>\n\t\t\t\t<\/div>\n\t\t\t\t<div class=\"elementor-element elementor-element-2ec6d7f0 elementor-widget elementor-widget-text-editor\" data-id=\"2ec6d7f0\" data-element_type=\"widget\" data-e-type=\"widget\" data-widget_type=\"text-editor.default\">\n\t\t\t\t<div class=\"elementor-widget-container\">\n\t\t\t\t\t\t\t\t\t<p><em>HUNTING-SAFARI.EU vam nudi odli\u010dne lovske koncesije na ve\u010d kot 202.000 hektarjev na obmo\u010dju Bushlanda v provinci Limpopo v Ju\u017eni Afriki, ki se razteza od gorovja Waterberg na jugu do reke Limpopo na severu.<\/em><\/p>\t\t\t\t\t\t\t\t<\/div>\n\t\t\t\t<\/div>\n\t\t\t\t<div class=\"elementor-element elementor-element-2e4ded01 elementor-align-center elementor-widget elementor-widget-button\" data-id=\"2e4ded01\" data-element_type=\"widget\" data-e-type=\"widget\" data-widget_type=\"button.default\">\n\t\t\t\t<div class=\"elementor-widget-container\">\n\t\t\t\t\t\t\t\t\t<div class=\"elementor-button-wrapper\">\n\t\t\t\t\t<a class=\"elementor-button elementor-button-link elementor-size-sm elementor-animation-float\" href=\"https:\/\/hunting-safari.eu\/en\/povprasevanje\/\">\n\t\t\t\t\t\t<span class=\"elementor-button-content-wrapper\">\n\t\t\t\t\t\t\t\t\t<span class=\"elementor-button-text\">po\u0161lji povpra\u0161evanje<\/span>\n\t\t\t\t\t<\/span>\n\t\t\t\t\t<\/a>\n\t\t\t\t<\/div>\n\t\t\t\t\t\t\t\t<\/div>\n\t\t\t\t<\/div>\n\t\t\t\t\t<\/div>\n\t\t<\/div>\n\t\t\t\t\t<\/div>\n\t\t<\/section>\n\t\t\t\t<section class=\"elementor-section elementor-top-section elementor-element elementor-element-7ae0da1a elementor-section-stretched elementor-section-boxed elementor-section-height-default elementor-section-height-default\" data-id=\"7ae0da1a\" data-element_type=\"section\" data-e-type=\"section\" data-settings=\"{&quot;stretch_section&quot;:&quot;section-stretched&quot;,&quot;background_background&quot;:&quot;classic&quot;}\">\n\t\t\t\t\t\t<div class=\"elementor-container elementor-column-gap-default\">\n\t\t\t\t\t<div class=\"elementor-column elementor-col-100 elementor-top-column elementor-element elementor-element-4837be0d\" data-id=\"4837be0d\" data-element_type=\"column\" data-e-type=\"column\" data-settings=\"{&quot;background_background&quot;:&quot;classic&quot;}\">\n\t\t\t<div class=\"elementor-widget-wrap elementor-element-populated\">\n\t\t\t\t\t\t<div class=\"elementor-element elementor-element-6917347a elementor-widget elementor-widget-heading\" data-id=\"6917347a\" data-element_type=\"widget\" data-e-type=\"widget\" data-widget_type=\"heading.default\">\n\t\t\t\t<div class=\"elementor-widget-container\">\n\t\t\t\t\t<h2 class=\"elementor-heading-title elementor-size-default\">HUNTING-SAFARI.eu<\/h2>\t\t\t\t<\/div>\n\t\t\t\t<\/div>\n\t\t\t\t<div class=\"elementor-element elementor-element-39ab56df elementor-widget-divider--view-line elementor-widget elementor-widget-divider\" data-id=\"39ab56df\" data-element_type=\"widget\" data-e-type=\"widget\" data-widget_type=\"divider.default\">\n\t\t\t\t<div class=\"elementor-widget-container\">\n\t\t\t\t\t\t\t<div class=\"elementor-divider\">\n\t\t\t<span class=\"elementor-divider-separator\">\n\t\t\t\t\t\t<\/span>\n\t\t<\/div>\n\t\t\t\t\t\t<\/div>\n\t\t\t\t<\/div>\n\t\t\t\t<div class=\"elementor-element elementor-element-59f53a77 elementor-widget elementor-widget-text-editor\" data-id=\"59f53a77\" data-element_type=\"widget\" data-e-type=\"widget\" data-widget_type=\"text-editor.default\">\n\t\t\t\t<div class=\"elementor-widget-container\">\n\t\t\t\t\t\t\t\t\t<p>Pri <strong><em>Hunting-Safari.eu.<\/em><\/strong> <strong>nudimo odli\u010dne lovske koncesije na ve\u010d kot 202.000 hektarjev na obmo\u010dju Bushlanda v provinci Limpopo v Ju\u017eni Afriki, ki se razteza od gorovja Waterberg na jugu do reke Limpopo na severu.<\/strong><\/p><p><strong>Veliko ve\u010dino ju\u017enoafri\u0161kih vrst divjadi najdemo v Bushlandu<\/strong> in z leti je <em><strong>Hunting-Safari.eu <\/strong><\/em><strong>vzpostavil mo\u010dan odnos s sosednjimi lastniki zemlji\u0161\u010d in v celoti izkoristil mo\u017enosti lova v okolici.<\/strong><\/p><p><strong>Obmo\u010dje je ogromno<\/strong> in ima zelo pestro biotsko raznovrstnost in <strong>se tako do lovi\u0161\u010d ve\u010dinoma odpeljemo s safari d\u017eipi<\/strong> (poltovornjaki). <br \/><strong>Dnevna razdalja vo\u017enje je v celoti odvisna od vrste, ki jo \u017eelite loviti, vendar je ve\u010dina lova v krogu 30-60 minut vo\u017enje<\/strong>.<\/p><p><strong>Lov obi\u010dajno poteka kot me\u0161anica vo\u017enje v safari d\u017eipih<\/strong>, da bi na\u0161li divjad, <strong>in zalezovanja<\/strong> \u2013 zelo odvisno od va\u0161e vzdr\u017eljivosti in \u017eelja. <br \/>Ti <strong>dogovori potekajo v tesnem sodelovanju z va\u0161im <em>Profesionalnim Lovcem<\/em><\/strong>, ki vas vedno spremlja med lovom in je tam izklju\u010dno za pomo\u010d in pomo\u010d na kakr\u0161en koli na\u010din. Poleg tega <strong>vas bodo spremljali visokokvalificirani <em>Sledilci<\/em><\/strong> (Tracker-ji), ki lahko najdejo tudi najmanj\u0161e sledi.<\/p><p><strong>Tipi\u010den dan se za\u010dne<\/strong> zgodaj, okoli 5.30, <strong>z obilnim kontinentalnim zajtrkom<\/strong>, ki ga pripravi osebni kuhar na\u0161ega \u00bbresorta\/lodge-a\u00ab, in ki ustreza vsem zahodnim standardom. <br \/><strong>Sledi hitra vo\u017enja do va\u0161ega dolo\u010denega lovi\u0161\u010da<\/strong>, kjer boste skupaj s svojim <em>Profesionalnim Lovcem<\/em> in <em>Sledilcem<\/em> za\u010deli z lovom.<\/p><p><strong>Ko za\u010dne vro\u010dina nara\u0161\u010dati in \u017eivali prenehajo biti aktivne<\/strong> ter se skrijejo, <strong>je \u010das za opoldanski po\u010ditek<\/strong>. <strong>Ali se odpeljete nazaj v na\u0161 \u00bbresort\/lodge\u00ab ali pa po\u010divate v senci dreves, medtem ko se pripravlja kosilo<\/strong>. <br \/><strong>Poskrbljeno je tudi za veliko raznovrstne pija\u010de<\/strong> (gazirane pija\u010de, pivo in voda).<\/p><p><strong>Po obroku in zaslu\u017eenem po\u010ditku pa nadaljujete z lovom do son\u010dnega zahoda oz. do trenutka, ko se \u017eelite vrniti v resort\/lodge.<\/strong><\/p><p>Vse to je urejeno v tesnem in stalnem sodelovanju in <strong>dogovoru z va\u0161im <em>Profesionalnim Lovcem<\/em><\/strong>. <br \/><strong>Torej, \u010de \u017eelite lov kadarkoli prekiniti, ali kak dan ne \u017eelite iti na lov in po\u010divati, je temu z na\u0161e strani ustre\u017eeno.<\/strong><\/p><p><strong>Osebje v na\u0161em resortu\/lodge-u je vedno na voljo ustre\u010di vsem va\u0161im potrebam<\/strong> in \u010de \u017eelite loviti ves dan ali \u010de imate sre\u010do in ustrelite svoj plen pred poldnevom in se \u017eelite sprostiti ob bazenu, je to popolnoma odvisno od vas.<\/p><p><strong>Tukaj smo izklju\u010dno zato, da vam zagotovimo najbolj\u0161e pogoje za neverjetno lovsko izku\u0161njo. <\/strong><\/p><p><span style=\"text-decoration: underline;\"><em><strong>In bolj\u0161ih pogojev za lov v Ju\u017eni Afriki preprosto ne boste na\u0161li.<\/strong><\/em><\/span><\/p>\t\t\t\t\t\t\t\t<\/div>\n\t\t\t\t<\/div>\n\t\t\t\t<div class=\"elementor-element elementor-element-d72bc49 elementor-align-center elementor-mobile-align-center elementor-widget elementor-widget-button\" data-id=\"d72bc49\" data-element_type=\"widget\" data-e-type=\"widget\" data-widget_type=\"button.default\">\n\t\t\t\t<div class=\"elementor-widget-container\">\n\t\t\t\t\t\t\t\t\t<div class=\"elementor-button-wrapper\">\n\t\t\t\t\t<a class=\"elementor-button elementor-button-link elementor-size-sm elementor-animation-float\" href=\"https:\/\/hunting-safari.eu\/en\/povprasevanje\/\">\n\t\t\t\t\t\t<span class=\"elementor-button-content-wrapper\">\n\t\t\t\t\t\t\t\t\t<span class=\"elementor-button-text\">po\u0161lji povpra\u0161evanje<\/span>\n\t\t\t\t\t<\/span>\n\t\t\t\t\t<\/a>\n\t\t\t\t<\/div>\n\t\t\t\t\t\t\t\t<\/div>\n\t\t\t\t<\/div>\n\t\t\t\t\t<\/div>\n\t\t<\/div>\n\t\t\t\t\t<\/div>\n\t\t<\/section>\n\t\t\t\t<section class=\"elementor-section elementor-top-section elementor-element elementor-element-111f3bcb elementor-section-full_width elementor-section-content-middle elementor-section-stretched elementor-section-height-min-height elementor-section-height-default elementor-section-items-middle\" data-id=\"111f3bcb\" data-element_type=\"section\" data-e-type=\"section\" data-settings=\"{&quot;stretch_section&quot;:&quot;section-stretched&quot;,&quot;background_background&quot;:&quot;classic&quot;}\">\n\t\t\t\t\t\t\t<div class=\"elementor-background-overlay\"><\/div>\n\t\t\t\t\t\t\t<div class=\"elementor-container elementor-column-gap-default\">\n\t\t\t\t\t<div class=\"elementor-column elementor-col-50 elementor-top-column elementor-element elementor-element-42457148\" data-id=\"42457148\" data-element_type=\"column\" data-e-type=\"column\">\n\t\t\t<div class=\"elementor-widget-wrap elementor-element-populated\">\n\t\t\t\t\t\t<div class=\"elementor-element elementor-element-5072101 elementor-widget elementor-widget-heading\" data-id=\"5072101\" data-element_type=\"widget\" data-e-type=\"widget\" data-widget_type=\"heading.default\">\n\t\t\t\t<div class=\"elementor-widget-container\">\n\t\t\t\t\t<h2 class=\"elementor-heading-title elementor-size-default\">PROGRAM ZA SPREMLJEVALCE (ne-lovce)<\/h2>\t\t\t\t<\/div>\n\t\t\t\t<\/div>\n\t\t\t\t<div class=\"elementor-element elementor-element-c3ab705 elementor-widget-divider--view-line elementor-widget elementor-widget-divider\" data-id=\"c3ab705\" data-element_type=\"widget\" data-e-type=\"widget\" data-widget_type=\"divider.default\">\n\t\t\t\t<div class=\"elementor-widget-container\">\n\t\t\t\t\t\t\t<div class=\"elementor-divider\">\n\t\t\t<span class=\"elementor-divider-separator\">\n\t\t\t\t\t\t<\/span>\n\t\t<\/div>\n\t\t\t\t\t\t<\/div>\n\t\t\t\t<\/div>\n\t\t\t\t<div class=\"elementor-element elementor-element-3ef3b72 elementor-widget elementor-widget-heading\" data-id=\"3ef3b72\" data-element_type=\"widget\" data-e-type=\"widget\" data-widget_type=\"heading.default\">\n\t\t\t\t<div class=\"elementor-widget-container\">\n\t\t\t\t\t<h3 class=\"elementor-heading-title elementor-size-default\">7 dni udobja s kombinacijo lova in safarija. Tura je namenjena posamezniku, ki \u017eeli ve\u010d kot le lovsko izku\u0161njo in s seboj pripelje spremljevalca \/ spremljevalce (ne-lovca\/ne-lovce).<\/h3>\t\t\t\t<\/div>\n\t\t\t\t<\/div>\n\t\t\t\t<div class=\"elementor-element elementor-element-5bf1e2e elementor-align-left elementor-widget elementor-widget-button\" data-id=\"5bf1e2e\" data-element_type=\"widget\" data-e-type=\"widget\" data-widget_type=\"button.default\">\n\t\t\t\t<div class=\"elementor-widget-container\">\n\t\t\t\t\t\t\t\t\t<div class=\"elementor-button-wrapper\">\n\t\t\t\t\t<a class=\"elementor-button elementor-button-link elementor-size-sm elementor-animation-float\" href=\"https:\/\/hunting-safari.eu\/en\/program-za-spremljevalce\/\">\n\t\t\t\t\t\t<span class=\"elementor-button-content-wrapper\">\n\t\t\t\t\t\t\t\t\t<span class=\"elementor-button-text\">PROGRAM ZA SPREMLJEVALCE<\/span>\n\t\t\t\t\t<\/span>\n\t\t\t\t\t<\/a>\n\t\t\t\t<\/div>\n\t\t\t\t\t\t\t\t<\/div>\n\t\t\t\t<\/div>\n\t\t\t\t\t<\/div>\n\t\t<\/div>\n\t\t\t\t<div class=\"elementor-column elementor-col-50 elementor-top-column elementor-element elementor-element-2cd56de4\" data-id=\"2cd56de4\" data-element_type=\"column\" data-e-type=\"column\">\n\t\t\t<div class=\"elementor-widget-wrap\">\n\t\t\t\t\t\t\t<\/div>\n\t\t<\/div>\n\t\t\t\t\t<\/div>\n\t\t<\/section>\n\t\t\t\t<\/div>","protected":false},"excerpt":{"rendered":"<p>LOV s Hunting-Safari.eu HUNTING-SAFARI.EU vam nudi odli\u010dne lovske koncesije na ve\u010d kot 202.000 hektarjev na obmo\u010dju Bushlanda v provinci Limpopo v Ju\u017eni Afriki, ki se razteza od gorovja Waterberg na jugu do reke Limpopo na severu. po\u0161lji povpra\u0161evanje HUNTING-SAFARI.eu Pri Hunting-Safari.eu. nudimo odli\u010dne lovske koncesije na ve\u010d kot 202.000 hektarjev na obmo\u010dju Bushlanda v provinci [&hellip;]<\/p>\n","protected":false},"author":1,"featured_media":0,"parent":0,"menu_order":0,"comment_status":"closed","ping_status":"closed","template":"","meta":{"ocean_post_layout":"","ocean_both_sidebars_style":"","ocean_both_sidebars_content_width":0,"ocean_both_sidebars_sidebars_width":0,"ocean_sidebar":"0","ocean_second_sidebar":"0","ocean_disable_margins":"enable","ocean_add_body_class":"","ocean_shortcode_before_top_bar":"","ocean_shortcode_after_top_bar":"","ocean_shortcode_before_header":"","ocean_shortcode_after_header":"","ocean_has_shortcode":"","ocean_shortcode_after_title":"","ocean_shortcode_before_footer_widgets":"","ocean_shortcode_after_footer_widgets":"","ocean_shortcode_before_footer_bottom":"","ocean_shortcode_after_footer_bottom":"","ocean_display_top_bar":"default","ocean_display_header":"default","ocean_header_style":"","ocean_center_header_left_menu":"0","ocean_custom_header_template":"0","ocean_custom_logo":0,"ocean_custom_retina_logo":0,"ocean_custom_logo_max_width":0,"ocean_custom_logo_tablet_max_width":0,"ocean_custom_logo_mobile_max_width":0,"ocean_custom_logo_max_height":0,"ocean_custom_logo_tablet_max_height":0,"ocean_custom_logo_mobile_max_height":0,"ocean_header_custom_menu":"0","ocean_menu_typo_font_family":"0","ocean_menu_typo_font_subset":"","ocean_menu_typo_font_size":0,"ocean_menu_typo_font_size_tablet":0,"ocean_menu_typo_font_size_mobile":0,"ocean_menu_typo_font_size_unit":"px","ocean_menu_typo_font_weight":"","ocean_menu_typo_font_weight_tablet":"","ocean_menu_typo_font_weight_mobile":"","ocean_menu_typo_transform":"","ocean_menu_typo_transform_tablet":"","ocean_menu_typo_transform_mobile":"","ocean_menu_typo_line_height":0,"ocean_menu_typo_line_height_tablet":0,"ocean_menu_typo_line_height_mobile":0,"ocean_menu_typo_line_height_unit":"","ocean_menu_typo_spacing":0,"ocean_menu_typo_spacing_tablet":0,"ocean_menu_typo_spacing_mobile":0,"ocean_menu_typo_spacing_unit":"","ocean_menu_link_color":"","ocean_menu_link_color_hover":"","ocean_menu_link_color_active":"","ocean_menu_link_background":"","ocean_menu_link_hover_background":"","ocean_menu_link_active_background":"","ocean_menu_social_links_bg":"","ocean_menu_social_hover_links_bg":"","ocean_menu_social_links_color":"","ocean_menu_social_hover_links_color":"","ocean_disable_title":"default","ocean_disable_heading":"default","ocean_post_title":"","ocean_post_subheading":"","ocean_post_title_style":"","ocean_post_title_background_color":"","ocean_post_title_background":0,"ocean_post_title_bg_image_position":"","ocean_post_title_bg_image_attachment":"","ocean_post_title_bg_image_repeat":"","ocean_post_title_bg_image_size":"","ocean_post_title_height":0,"ocean_post_title_bg_overlay":0.5,"ocean_post_title_bg_overlay_color":"","ocean_disable_breadcrumbs":"default","ocean_breadcrumbs_color":"","ocean_breadcrumbs_separator_color":"","ocean_breadcrumbs_links_color":"","ocean_breadcrumbs_links_hover_color":"","ocean_display_footer_widgets":"default","ocean_display_footer_bottom":"default","ocean_custom_footer_template":"0","footnotes":""},"class_list":["post-11","page","type-page","status-publish","hentry","entry"],"_links":{"self":[{"href":"https:\/\/hunting-safari.eu\/en\/wp-json\/wp\/v2\/pages\/11","targetHints":{"allow":["GET"]}}],"collection":[{"href":"https:\/\/hunting-safari.eu\/en\/wp-json\/wp\/v2\/pages"}],"about":[{"href":"https:\/\/hunting-safari.eu\/en\/wp-json\/wp\/v2\/types\/page"}],"author":[{"embeddable":true,"href":"https:\/\/hunting-safari.eu\/en\/wp-json\/wp\/v2\/users\/1"}],"replies":[{"embeddable":true,"href":"https:\/\/hunting-safari.eu\/en\/wp-json\/wp\/v2\/comments?post=11"}],"version-history":[{"count":52,"href":"https:\/\/hunting-safari.eu\/en\/wp-json\/wp\/v2\/pages\/11\/revisions"}],"predecessor-version":[{"id":584,"href":"https:\/\/hunting-safari.eu\/en\/wp-json\/wp\/v2\/pages\/11\/revisions\/584"}],"wp:attachment":[{"href":"https:\/\/hunting-safari.eu\/en\/wp-json\/wp\/v2\/media?parent=11"}],"curies":[{"name":"wp","href":"https:\/\/api.w.org\/{rel}","templated":true}]}}